{"id":37,"date":"2016-12-28T04:51:33","date_gmt":"2016-12-28T04:51:33","guid":{"rendered":"https:\/\/felipefloresabogado.cl\/w\/home\/"},"modified":"2025-08-31T17:11:28","modified_gmt":"2025-08-31T17:11:28","slug":"home","status":"publish","type":"page","link":"https:\/\/felipefloresabogado.cl\/w\/","title":{"rendered":"Inicio"},"content":{"rendered":"<!--themify_builder_content-->\n<div id=\"themify_builder_content-37\" data-postid=\"37\" class=\"themify_builder_content themify_builder_content-37 themify_builder tf_clear\">\n                    <div  data-parallax-bg=\"desktop\" data-anchor=\"inicio\" data-css_id=\"lm6r973\" data-lazy=\"1\" class=\"module_row themify_builder_row fullwidth_row_container tb_has_section tb_section-inicio tb_lm6r973 tb_first tf_w wow\" data-tf-animation=\"fadeIn\">\n            <span class=\"builder_row_cover tf_abs\"><\/span>            <div class=\"row_inner col_align_top tb_col_count_1 tf_box tf_rel\">\n                        <div  data-lazy=\"1\" class=\"module_column tb-column col-full tb_938d978 first\">\n                    <!-- module text -->\n<div  class=\"module module-text tb_6sra979    wow\" data-tf-animation=\"fadeInUp\" data-lazy=\"1\">\n        <div  class=\"tb_text_wrap\">\n        <p><span style=\"font-size: 3em; letter-spacing: -0.04em;\">Asesor\u00eda <\/span><strong style=\"font-size: 3em; letter-spacing: -0.04em;\">Legal<\/strong><\/p>\n<div>\u00a0<\/div>\n<div>\u00a0Te ayudo a resolver tus asuntos legales con dedicaci\u00f3n personal<br><br><\/div>    <\/div>\n<\/div>\n<!-- \/module text --><!-- module buttons -->\n<div  class=\"module module-buttons tb_571k980 buttons-horizontal solid  xlarge rounded wow\" data-tf-animation=\"fadeInLeft\" data-lazy=\"1\">\n        <div class=\"module-buttons-item tf_in_flx\">\n                        <a href=\"https:\/\/felipefloresabogado.cl\/w\/#contactame\" class=\"ui builder_button tf_in_flx blue\" >\n                                                Cont\u00e1ctame                                        <\/a>\n                <\/div>\n            <\/div>\n<!-- \/module buttons -->\n        <\/div>\n                        <\/div>\n        <\/div>\n                        <div  data-anchor=\"sobre_mi\" data-lazy=\"1\" class=\"module_row themify_builder_row lawyers-section tb_has_section tb_section-sobre_mi tb_a2jd973 tf_w\">\n                        <div class=\"row_inner col_align_top tb_col_count_1 tf_box tf_rel\">\n                        <div  data-lazy=\"1\" class=\"module_column tb-column col-full tb_tyb13 first\">\n                    <!-- module text -->\n<div  class=\"module module-text tb_3scz4    wow\" data-tf-animation=\"fadeInUp\" data-lazy=\"1\">\n        <div  class=\"tb_text_wrap\">\n        <p style=\"text-align: left;\"><span style=\"font-size: 2em; letter-spacing: -0.04em;\">Sobre <b>mi<\/b><\/span>\u00a0<\/p>    <\/div>\n<\/div>\n<!-- \/module text -->        <div  data-lazy=\"1\" class=\"module_subrow themify_builder_sub_row tf_w col_align_bottom tb_col_count_2 tb_zow34\">\n                <div  data-lazy=\"1\" class=\"module_column sub_column col4-2 tb_tgts6 first\">\n                    <!-- module image -->\n<div  class=\"module module-image tb_1bpm343 image-full-overlay rounded  tf_mw\" data-lazy=\"1\">\n        <div class=\"image-wrap tf_rel tf_mw\">\n            <img loading=\"lazy\" decoding=\"async\" src=\"https:\/\/felipefloresabogado.cl\/w\/wp-content\/uploads\/2025\/08\/ff-352x432.png\" width=\"352\" height=\"432\" class=\"wp-post-image wp-image-104\" title=\"ff\" alt=\"ff\" srcset=\"https:\/\/felipefloresabogado.cl\/w\/wp-content\/uploads\/2025\/08\/ff-352x432.png 352w, https:\/\/felipefloresabogado.cl\/w\/wp-content\/uploads\/2025\/08\/ff-244x300.png 244w, https:\/\/felipefloresabogado.cl\/w\/wp-content\/uploads\/2025\/08\/ff.png 290w\" sizes=\"auto, (max-width: 352px) 100vw, 352px\" \/>    \n        <\/div>\n    <!-- \/image-wrap -->\n    \n        <\/div>\n<!-- \/module image -->        <\/div>\n                    <div  data-lazy=\"1\" class=\"module_column sub_column col4-2 tb_uw7c8 last\">\n                    <!-- module text -->\n<div  class=\"module module-text tb_vg41986    wow\" data-tf-animation=\"fadeInUp\" data-lazy=\"1\">\n        <div  class=\"tb_text_wrap\">\n        <p><span style=\"font-weight: bold;font-size:24px;\">Felipe Flores Rojas<\/span><span style=\"font-weight: bold;font-size:20px;\"><br><\/span><span style=\"font-size:20px;\">Abogado Laboralista y de Familia<\/span><br \/>\n<br><br><\/p>\n<p style=\"text-align: justify;\">Abogado altamente calificado con experiencia destacada en\u00a0<b>Derecho y Litigaci\u00f3n en Procedimiento Laboral, Derecho de Familia y Derecho Concursal<\/b>.<\/p>\n<p style=\"text-align: justify;\">En materia laboral, realizo asesor\u00edas integrales tanto a trabajadores que han sido desvinculados o vulnerados en sus derechos laborales, como a empresas en una amplia gama de asuntos sobre el Derecho del Trabajo, representando a mis clientes de forma exitosa en sus respectivos casos ante tribunales laborales, por lo que cuento con experiencia en derecho laboral realizando asesor\u00edas y litigando en juicios.<\/p>\n<p style=\"text-align: justify;\">Mi experiencia en derecho de familia abarca diversos casos, incluyendo divorcios, causas de pensi\u00f3n de alimentos, registro nacional de deudores de pensi\u00f3n de alimentos, cesi\u00f3n de pensiones de alimentos, autorizaciones para que un menor salga del pa\u00eds, entre otras situaciones.<\/p>\n<p style=\"text-align: justify;\">Experiencia en derecho concursal sobre ley 20.720, asesorando a personas deudoras y en situaciones de insolvencia, brindando soluciones efectivas para proteger los intereses de las personas.<\/p>\n<p style=\"text-align: justify;\">Mi mayor especializaci\u00f3n y s\u00f3lida formaci\u00f3n acad\u00e9mica es en el\u00a0<b>Derecho del Trabajo y de la Seguridad Social<\/b>, especializaciones realizadas en lugares de excelencia realizando diplomados en dichas areas.<\/p>\n    <\/div>\n<\/div>\n<!-- \/module text -->        <\/div>\n                    <\/div>\n                <\/div>\n                        <\/div>\n        <\/div>\n                        <div  data-anchor=\"areas_de_practica\" data-lazy=\"1\" class=\"module_row themify_builder_row tb_has_section tb_section-areas_de_practica tb_n6y3973 tf_w\">\n            <span class=\"builder_row_cover tf_abs\"><\/span>            <div class=\"row_inner col_align_top tb_col_count_1 tf_box tf_rel\">\n                        <div  data-lazy=\"1\" class=\"module_column tb-column col-full tb_62dp985 first\">\n                            <div  data-lazy=\"1\" class=\"module_subrow themify_builder_sub_row tf_w col_align_top tb_col_count_1 tb_bsyz986\">\n                <div  data-lazy=\"1\" class=\"module_column sub_column col-full tb_5bn2989 first\">\n                    <!-- module text -->\n<div  class=\"module module-text tb_rcqf937    wow\" data-tf-animation=\"fadeInUp\" data-lazy=\"1\">\n        <div  class=\"tb_text_wrap\">\n        <p style=\"text-align: left;\"><span style=\"font-size: 2em; letter-spacing: -0.04em;\">Areas de <span style=\"font-weight: bold;\">pr\u00e1ctica<\/span><\/span>\u00a0<\/p>    <\/div>\n<\/div>\n<!-- \/module text -->        <\/div>\n                    <\/div>\n                <div  data-lazy=\"1\" class=\"module_subrow themify_builder_sub_row tf_w col_align_top tb_col_count_3 tb_8gzl805\">\n                <div  data-lazy=\"1\" class=\"module_column sub_column col3-1 tb_0l4e805 first\">\n                    <!-- module text -->\n<div  class=\"module module-text tb_hwfz763   \" data-lazy=\"1\">\n        <div  class=\"tb_text_wrap\">\n        <p style=\"text-align: center;\"><img decoding=\"async\" src=\"https:\/\/felipefloresabogado.cl\/w\/wp-content\/uploads\/2025\/08\/laboral.png\"><\/p>\n<div style=\"font-size: 24px; text-align: center;\"><strong>Derecho Laboral<\/strong><\/div>\n<div style=\"font-size: 24px; text-align: center;\"><strong>\u00a0<\/strong><\/div>\n<p style=\"text-align: center;\"><span style=\"color: #656565; font-family: 'Open Sans', Arial, sans-serif; font-size: 14px;\">Despido Injustificado- Autodespido- Continuidad Laboral \u2013 R\u00e9gimen de subcontrataci\u00f3n \u2013 Nulidad del despido o ley bustos- Tutela laboral de DDFF \u2013 Cobro de prestaciones adeudadas.<\/span><\/p>    <\/div>\n<\/div>\n<!-- \/module text -->        <\/div>\n                    <div  data-lazy=\"1\" class=\"module_column sub_column col3-1 tb_36e3805\">\n                    <!-- module text -->\n<div  class=\"module module-text tb_58f8594   \" data-lazy=\"1\">\n        <div  class=\"tb_text_wrap\">\n        <p style=\"text-align: center;\"><img decoding=\"async\" src=\"https:\/\/felipefloresabogado.cl\/w\/wp-content\/uploads\/2025\/08\/familiar.png\"><\/p>\n<div style=\"font-size: 24px; text-align: center;\"><strong>Derecho de Familia<\/strong><\/div>\n<div>\u00a0<\/div>\n<p style=\"text-align: center;\"><span style=\"color: #656565; font-family: 'Open Sans', Arial, sans-serif; font-size: 14px;\">Pensi\u00f3n de alimentos \u2013 Aumentos o rebaja de alimentos \u2013 Cese de pensi\u00f3n de alimentos \u2013 Divorcios \u2013 Cuidado Personal (tuici\u00f3n)- Filiaci\u00f3n (Reclamaci\u00f3n e impugnaci\u00f3n de paternidad) \u2013 Autorizaci\u00f3n salida del pais \u2013 Relaci\u00f3n directa y regular (Visitas).<\/span><\/p>    <\/div>\n<\/div>\n<!-- \/module text -->        <\/div>\n                    <div  data-lazy=\"1\" class=\"module_column sub_column col3-1 tb_ojjg805 last\">\n                    <!-- module text -->\n<div  class=\"module module-text tb_u1ih806   \" data-lazy=\"1\">\n        <div  class=\"tb_text_wrap\">\n        <p style=\"text-align: center;\"><img decoding=\"async\" src=\"https:\/\/felipefloresabogado.cl\/w\/wp-content\/uploads\/2025\/08\/concursal.png\"><\/p>\n<div style=\"font-size: 24px; text-align: center;\"><strong>Derecho Concursal<\/strong><\/div>\n<div style=\"font-size: 24px; text-align: center;\"><strong>\u00a0<\/strong><\/div>\n<p style=\"text-align: center;\"><span style=\"color: #656565; font-family: 'Open Sans', Arial, sans-serif; font-size: 14px;\">Liquidaci\u00f3n de bienes de personas deudoras con forme a la ley 20.720. Te ayuda a eliminar tus deudas si cumples con los requisitos que establece esta ley.<\/span><\/p>    <\/div>\n<\/div>\n<!-- \/module text -->        <\/div>\n                    <\/div>\n                <div  data-lazy=\"1\" class=\"module_subrow themify_builder_sub_row tf_w col_align_top tb_col_count_3 tb_3hzt688\">\n                <div  data-lazy=\"1\" class=\"module_column sub_column col3-1 tb_0ghs688 first\">\n                    <!-- module text -->\n<div  class=\"module module-text tb_w7d969   \" data-lazy=\"1\">\n        <div  class=\"tb_text_wrap\">\n        <p style=\"text-align: center;\"><img decoding=\"async\" src=\"https:\/\/felipefloresabogado.cl\/w\/wp-content\/uploads\/2025\/08\/judicial.png\"><\/p>\n<div style=\"font-size: 24px; text-align: center;\"><strong>Represetaci&oacute;n Judicial ate Tribunales de Justicia<\/strong><\/div>\n<div style=\"font-size: 24px; text-align: center;\"><strong>\u00a0<\/strong><\/div>\n<p style=\"text-align: center;\"><span style=\"color: #656565; font-family: 'Open Sans', Arial, sans-serif; font-size: 14px;\"> Te represento ante los tribunales de justicia abogando por ti y por tus intereses de forma profesional. <\/span><\/p>\n    <\/div>\n<\/div>\n<!-- \/module text -->        <\/div>\n                    <div  data-lazy=\"1\" class=\"module_column sub_column col3-1 tb_2jlh688\">\n                    <!-- module text -->\n<div  class=\"module module-text tb_54xh260   \" data-lazy=\"1\">\n        <div  class=\"tb_text_wrap\">\n        <p style=\"text-align: center;\"><img decoding=\"async\" src=\"https:\/\/felipefloresabogado.cl\/w\/wp-content\/uploads\/2025\/08\/litigacion.png\"><\/p>\n<div style=\"font-size: 24px; text-align: center;\"><strong>Litigaci&oacute;n Oral y Asesor&iacute;as Personalizadas<\/strong><\/div>\n<div style=\"font-size: 24px; text-align: center;\"><strong>\u00a0<\/strong><\/div>\n<p style=\"text-align: center;\"><span style=\"color: #656565; font-family: 'Open Sans', Arial, sans-serif; font-size: 14px;\">Cuento con experiencia y estudios especializados en litigaci\u00f3n oral y asesoro tanto a personas como a empresas.<\/span><\/p>\n    <\/div>\n<\/div>\n<!-- \/module text -->        <\/div>\n                    <div  data-lazy=\"1\" class=\"module_column sub_column col3-1 tb_2ym2688 last\">\n                    <!-- module text -->\n<div  class=\"module module-text tb_bxi1779   \" data-lazy=\"1\">\n        <div  class=\"tb_text_wrap\">\n        <p style=\"text-align: center;\"><img decoding=\"async\" src=\"https:\/\/felipefloresabogado.cl\/w\/wp-content\/uploads\/2025\/08\/online.png\"><\/p>\n<div style=\"font-size: 24px; text-align: center;\"><strong>Agenda tu Asesor&iacute;a Online<\/strong><\/div>\n<div style=\"font-size: 24px; text-align: center;\"><strong>\u00a0<\/strong><\/div>\n<p style=\"text-align: center;\"><span style=\"color: #656565; font-family: 'Open Sans', Arial, sans-serif; font-size: 14px;\">Te asesoro de forma on line desde cualquier parte del pais.<\/span><\/p>\n    <\/div>\n<\/div>\n<!-- \/module text -->        <\/div>\n                    <\/div>\n                <\/div>\n                        <\/div>\n        <\/div>\n                        <div  data-parallax-bg=\"desktop\" data-anchor=\"contactame\" data-lazy=\"1\" class=\"module_row themify_builder_row tb_has_section tb_section-contactame tb_vru8973 tf_w\">\n            <span class=\"builder_row_cover tf_abs\"><\/span>            <div class=\"row_inner col_align_top tb_col_count_1 tf_box tf_rel\">\n                        <div  data-lazy=\"1\" class=\"module_column tb-column col-full tb_5yuc21 first\">\n                            <div  data-lazy=\"1\" class=\"module_subrow themify_builder_sub_row tf_w col_align_top tb_col_count_3 tb_zwne22\">\n                <div  data-lazy=\"1\" class=\"module_column sub_column col4-1 tb_u5dd24 first\">\n                            <\/div>\n                    <div  data-lazy=\"1\" class=\"module_column sub_column col4-2 tb_7iso24 contact-form\">\n                    <!-- module text -->\n<div  class=\"module module-text tb_qnm2741    wow\" data-tf-animation=\"fadeInUp\" data-lazy=\"1\">\n        <div  class=\"tb_text_wrap\">\n        <p style=\"text-align: left;\"><span style=\"font-size: 2em; letter-spacing: -0.04em;\">Cont\u00e1ctame <span style=\"font-weight: bold;\">para asistirte<\/span><\/span>\u00a0<\/p>    <\/div>\n<\/div>\n<!-- \/module text --><!-- module contact -->\n<div  id=\"tb_wg0125\" class=\"module module-contact tb_wg0125 contact-animated-label  wow\" data-tf-animation=\"fadeInUp\" data-lazy=\"1\">\n    \n\t<form class=\"builder-contact\"\n\t\tid=\"tb_wg0125-form\"\n\t\tmethod=\"post\"\n\t\tdata-post-id=\"37\"\n\t\tdata-element-id=\"wg0125\"\n\t\tdata-orig-id=\"37\"\n\t>\n    <div class=\"contact-message\"><\/div>\n\t<div class=\"builder-contact-fields tf_rel\">\n\t\t    \t\t    <div class=\"builder-contact-field builder-contact-field-name builder-contact-text-field\">\n\t\t\t    <label class=\"control-label\" for=\"tb_wg0125-contact-name\">\n\t\t\t\t\t\t\t\t\t\t<span class=\"tb-label-span\">Nombre <\/span>\t\t\t\t<\/label>\n\t\t\t    <div class=\"control-input tf_rel\">\n\t\t\t\t    \t\t\t\t\t    <input type=\"text\" name=\"contact-name\" placeholder=\" \" id=\"tb_wg0125-contact-name\" value=\"\" class=\"form-control\" >\n\t\t\t\t    \t\t\t\t    \t\t\t\t\t    <span class=\"tb_contact_label\">\n\t\t\t\t\t\t    <span class=\"tb-label-span\">Nombre <\/span>\t\t\t\t\t    <\/span>\n\t\t\t\t    \t\t\t    <\/div>\n\t\t<\/div>\n\t    \n\t\t    \t\t    <div class=\"builder-contact-field builder-contact-field-email builder-contact-text-field\">\n\t\t\t    <label class=\"control-label\" for=\"tb_wg0125-contact-email\">\n\t\t\t\t\t\t\t\t\t\t<span class=\"tb-label-span\">Email <\/span>\t\t\t\t<\/label>\n\t\t\t    <div class=\"control-input tf_rel\">\n\t\t\t\t    \t\t\t\t\t    <input type=\"email\" name=\"contact-email\" placeholder=\" \" id=\"tb_wg0125-contact-email\" value=\"\" class=\"form-control\" >\n\t\t\t\t    \t\t\t\t    \t\t\t\t\t    <span class=\"tb_contact_label\">\n\t\t\t\t\t\t    <span class=\"tb-label-span\">Email <\/span>\t\t\t\t\t    <\/span>\n\t\t\t\t    \t\t\t    <\/div>\n\t\t<\/div>\n\t    \n\t\t    \t\t    \t\t    <div class=\"builder-contact-field builder-contact-field-extra builder-contact-text-field\">\n\t\t\t\t\n\t\t\t\t<label class=\"control-label\" for=\"field_extra_tb_wg0125_0\">\n\t\t\t\t\t\n\t\t\t\t\tTel\u00e9fono\t\t\t\t\t\t\t\t\t\t\t<input type=\"hidden\" name=\"field_extra_name_0\" value=\"Tel\u00e9fono\">\n\t\t\t\t\t\t\t\t\t<\/label>\n\t\t\t\t<div class=\"control-input tf_rel\">\n\t\t\t\t\t\t\t\t\t\t\t<input type=\"text\" name=\"field_extra_0\" id=\"field_extra_tb_wg0125_0\" placeholder=\" \" class=\"form-control\">\n\t\t\t\t\t\n\t\t\t\t\t\t\t\t\t\t\t<span class=\"tb_contact_label\">\n\t\t\t\t\t\t\tTel\u00e9fono\t\t\t\t\t\t<\/span>\n\t\t\t\t\t\t\t\t\t<\/div>\n\t\t    <\/div>\n\t    \n\t\t    \t\t    <div class=\"builder-contact-field builder-contact-field-message builder-contact-textarea-field\">\n\t\t\t    <label class=\"control-label\" for=\"tb_wg0125-contact-message\">\n\t\t\t\t\t\t\t\t\t\t<span class=\"tb-label-span\">Mensaje <\/span>\t\t\t\t<\/label>\n\t\t\t    <div class=\"control-input tf_rel\">\n\t\t\t\t    \t\t\t\t\t    <textarea name=\"contact-message\" placeholder=\" \" id=\"tb_wg0125-contact-message\" class=\"form-control\"><\/textarea>\n\t\t\t\t    \t\t\t\t    \t\t\t\t\t    <span class=\"tb_contact_label\">\n\t\t\t\t\t\t    <span class=\"tb-label-span\">Mensaje <\/span>\t\t\t\t\t    <\/span>\n\t\t\t\t    \t\t\t    <\/div>\n\t\t<\/div>\n\t    \n\t\t    \t\t\n\t\t\n\t    \n\t    <div class=\"builder-contact-field builder-contact-field-send control-input tf_textl tf_clear tf_rel\">\n\t\t\t<button type=\"submit\" class=\"btn btn-primary\">\n\t\t\t\t<span class=\"tf_loader\"><\/span>\t\t\t\t<span class=\"tf_submit_icon\"><\/span> \n\t\t\t\tEnviar mensaje\t\t\t<\/button>\n\t    <\/div>\n\t<\/div>\n    <\/form>\n    <\/div>\n<!-- \/module contact -->\n        <\/div>\n                    <div  data-lazy=\"1\" class=\"module_column sub_column col4-1 tb_g56k26 last\">\n                            <\/div>\n                    <\/div>\n                <\/div>\n                        <\/div>\n        <\/div>\n        <\/div>\n<!--\/themify_builder_content-->","protected":false},"excerpt":{"rendered":"<p>Asesor\u00eda Legal \u00a0 \u00a0Te ayudo a resolver tus asuntos legales con dedicaci\u00f3n personal<\/p>\n","protected":false},"author":1,"featured_media":0,"parent":0,"menu_order":0,"comment_status":"closed","ping_status":"closed","template":"","meta":{"pagelayer_contact_templates":[],"_pagelayer_content":"","footnotes":""},"class_list":["post-37","page","type-page","status-publish","hentry","has-post-title","has-post-date","has-post-category","has-post-tag","has-post-comment","has-post-author",""],"builder_content":"<p>Asesor\u00eda <strong style=\"font-size: 3em; letter-spacing: -0.04em;\">Legal<\/strong><\/p> \u00a0 \u00a0Te ayudo a resolver tus asuntos legales con dedicaci\u00f3n personal<br><br>\n<a href=\"https:\/\/felipefloresabogado.cl\/w\/#contactame\" > Cont\u00e1ctame <\/a>\n<p style=\"text-align: left;\">Sobre <b>mi<\/b>\u00a0<\/p>\n<img src=\"https:\/\/felipefloresabogado.cl\/w\/wp-content\/uploads\/2025\/08\/ff-352x432.png\" width=\"352\" height=\"432\" title=\"ff\" alt=\"ff\" srcset=\"https:\/\/felipefloresabogado.cl\/w\/wp-content\/uploads\/2025\/08\/ff-352x432.png 352w, https:\/\/felipefloresabogado.cl\/w\/wp-content\/uploads\/2025\/08\/ff-244x300.png 244w, https:\/\/felipefloresabogado.cl\/w\/wp-content\/uploads\/2025\/08\/ff.png 290w\" sizes=\"(max-width: 352px) 100vw, 352px\" \/>\n<p>Felipe Flores Rojas<br>Abogado Laboralista y de Familia<br \/> <br><br><\/p> <p style=\"text-align: justify;\">Abogado altamente calificado con experiencia destacada en\u00a0<b>Derecho y Litigaci\u00f3n en Procedimiento Laboral, Derecho de Familia y Derecho Concursal<\/b>.<\/p> <p style=\"text-align: justify;\">En materia laboral, realizo asesor\u00edas integrales tanto a trabajadores que han sido desvinculados o vulnerados en sus derechos laborales, como a empresas en una amplia gama de asuntos sobre el Derecho del Trabajo, representando a mis clientes de forma exitosa en sus respectivos casos ante tribunales laborales, por lo que cuento con experiencia en derecho laboral realizando asesor\u00edas y litigando en juicios.<\/p> <p style=\"text-align: justify;\">Mi experiencia en derecho de familia abarca diversos casos, incluyendo divorcios, causas de pensi\u00f3n de alimentos, registro nacional de deudores de pensi\u00f3n de alimentos, cesi\u00f3n de pensiones de alimentos, autorizaciones para que un menor salga del pa\u00eds, entre otras situaciones.<\/p> <p style=\"text-align: justify;\">Experiencia en derecho concursal sobre ley 20.720, asesorando a personas deudoras y en situaciones de insolvencia, brindando soluciones efectivas para proteger los intereses de las personas.<\/p> <p style=\"text-align: justify;\">Mi mayor especializaci\u00f3n y s\u00f3lida formaci\u00f3n acad\u00e9mica es en el\u00a0<b>Derecho del Trabajo y de la Seguridad Social<\/b>, especializaciones realizadas en lugares de excelencia realizando diplomados en dichas areas.<\/p>\n<p style=\"text-align: left;\">Areas de pr\u00e1ctica\u00a0<\/p>\n<p style=\"text-align: center;\"><img decoding=\"async\" src=\"https:\/\/felipefloresabogado.cl\/w\/wp-content\/uploads\/2025\/08\/laboral.png\"><\/p> <strong>Derecho Laboral<\/strong> <strong>\u00a0<\/strong> <p style=\"text-align: center;\">Despido Injustificado- Autodespido- Continuidad Laboral \u2013 R\u00e9gimen de subcontrataci\u00f3n \u2013 Nulidad del despido o ley bustos- Tutela laboral de DDFF \u2013 Cobro de prestaciones adeudadas.<\/p>\n<p style=\"text-align: center;\"><img decoding=\"async\" src=\"https:\/\/felipefloresabogado.cl\/w\/wp-content\/uploads\/2025\/08\/familiar.png\"><\/p> <strong>Derecho de Familia<\/strong> \u00a0 <p style=\"text-align: center;\">Pensi\u00f3n de alimentos \u2013 Aumentos o rebaja de alimentos \u2013 Cese de pensi\u00f3n de alimentos \u2013 Divorcios \u2013 Cuidado Personal (tuici\u00f3n)- Filiaci\u00f3n (Reclamaci\u00f3n e impugnaci\u00f3n de paternidad) \u2013 Autorizaci\u00f3n salida del pais \u2013 Relaci\u00f3n directa y regular (Visitas).<\/p>\n<p style=\"text-align: center;\"><img decoding=\"async\" src=\"https:\/\/felipefloresabogado.cl\/w\/wp-content\/uploads\/2025\/08\/concursal.png\"><\/p> <strong>Derecho Concursal<\/strong> <strong>\u00a0<\/strong> <p style=\"text-align: center;\">Liquidaci\u00f3n de bienes de personas deudoras con forme a la ley 20.720. Te ayuda a eliminar tus deudas si cumples con los requisitos que establece esta ley.<\/p>\n<p style=\"text-align: center;\"><img decoding=\"async\" src=\"https:\/\/felipefloresabogado.cl\/w\/wp-content\/uploads\/2025\/08\/judicial.png\"><\/p> <strong>Represetaci&oacute;n Judicial ate Tribunales de Justicia<\/strong> <strong>\u00a0<\/strong> <p style=\"text-align: center;\"> Te represento ante los tribunales de justicia abogando por ti y por tus intereses de forma profesional. <\/p>\n<p style=\"text-align: center;\"><img decoding=\"async\" src=\"https:\/\/felipefloresabogado.cl\/w\/wp-content\/uploads\/2025\/08\/litigacion.png\"><\/p> <strong>Litigaci&oacute;n Oral y Asesor&iacute;as Personalizadas<\/strong> <strong>\u00a0<\/strong> <p style=\"text-align: center;\">Cuento con experiencia y estudios especializados en litigaci\u00f3n oral y asesoro tanto a personas como a empresas.<\/p>\n<p style=\"text-align: center;\"><img decoding=\"async\" src=\"https:\/\/felipefloresabogado.cl\/w\/wp-content\/uploads\/2025\/08\/online.png\"><\/p> <strong>Agenda tu Asesor&iacute;a Online<\/strong> <strong>\u00a0<\/strong> <p style=\"text-align: center;\">Te asesoro de forma on line desde cualquier parte del pais.<\/p>\n<p style=\"text-align: left;\">Cont\u00e1ctame para asistirte\u00a0<\/p>\n<form id=\"tb_wg0125-form\" method=\"post\" data-post-id=\"0\" data-element-id=\"wg0125\" data-orig-id=\"37\" > <label for=\"tb_wg0125-contact-name\"> Nombre <\/label> <input type=\"text\" name=\"contact-name\" placeholder=\" \" id=\"tb_wg0125-contact-name\" value=\"\" > Nombre <label for=\"tb_wg0125-contact-email\"> Email <\/label> <input type=\"email\" name=\"contact-email\" placeholder=\" \" id=\"tb_wg0125-contact-email\" value=\"\" > Email <label for=\"field_extra_tb_wg0125_0\"> Tel\u00e9fono <input type=\"hidden\" name=\"field_extra_name_0\" value=\"Tel\u00e9fono\"> <\/label> <input type=\"text\" name=\"field_extra_0\" id=\"field_extra_tb_wg0125_0\" placeholder=\" \"> Tel\u00e9fono <label for=\"tb_wg0125-contact-message\"> Mensaje <\/label> <textarea name=\"contact-message\" placeholder=\" \" id=\"tb_wg0125-contact-message\"><\/textarea> Mensaje <button type=\"submit\"> Enviar mensaje <\/button> <\/form>","_links":{"self":[{"href":"https:\/\/felipefloresabogado.cl\/w\/wp-json\/wp\/v2\/pages\/37","targetHints":{"allow":["GET"]}}],"collection":[{"href":"https:\/\/felipefloresabogado.cl\/w\/wp-json\/wp\/v2\/pages"}],"about":[{"href":"https:\/\/felipefloresabogado.cl\/w\/wp-json\/wp\/v2\/types\/page"}],"author":[{"embeddable":true,"href":"https:\/\/felipefloresabogado.cl\/w\/wp-json\/wp\/v2\/users\/1"}],"replies":[{"embeddable":true,"href":"https:\/\/felipefloresabogado.cl\/w\/wp-json\/wp\/v2\/comments?post=37"}],"version-history":[{"count":42,"href":"https:\/\/felipefloresabogado.cl\/w\/wp-json\/wp\/v2\/pages\/37\/revisions"}],"predecessor-version":[{"id":188,"href":"https:\/\/felipefloresabogado.cl\/w\/wp-json\/wp\/v2\/pages\/37\/revisions\/188"}],"wp:attachment":[{"href":"https:\/\/felipefloresabogado.cl\/w\/wp-json\/wp\/v2\/media?parent=37"}],"curies":[{"name":"wp","href":"https:\/\/api.w.org\/{rel}","templated":true}]}}